{"id":1765,"date":"2019-03-11T11:51:39","date_gmt":"2019-03-11T10:51:39","guid":{"rendered":"https:\/\/www.terradiea.it\/restaurant\/"},"modified":"2026-03-04T08:28:03","modified_gmt":"2026-03-04T07:28:03","slug":"restaurant","status":"publish","type":"page","link":"https:\/\/www.terradiea.it\/de\/restaurant\/","title":{"rendered":"Restaurant"},"content":{"rendered":"<div data-block_5c877aaaa9fa2 class=\"slideshow wp-block-acf-slideshow align\">\n      <div class=\"carousel carousel--as32 swiper-container\">\n      <div class=\"carousel__wrapper swiper-wrapper\">\n                <div class=\"carousel__slide swiper-slide\">\n          <img src=\"https:\/\/www.terradiea.it\/wp-content\/uploads\/fly-images\/1601\/unnamed-720x480.jpg\" \/>\n        <\/div>\n                <div class=\"carousel__slide swiper-slide\">\n          <img src=\"https:\/\/www.terradiea.it\/wp-content\/uploads\/fly-images\/1595\/unnamed-2-720x480.jpg\" \/>\n        <\/div>\n              <\/div>\n      <div class=\"swiper-pagination\"><\/div>\n    <\/div>\n  <\/div>\n\n<style type=\"text\/css\">\n  [data-block_5c877aaaa9fa2] {\n    margin-bottom: 32px;\n  }\n<\/style>\n\n\n\n<div class=\"wp-block-button aligncenter\"><a class=\"wp-block-button__link\" href=\"https:\/\/www.terradiea.it\/ristorante\/festeggia-con-noi\/\">Gestalte dein Event mit Terra di Ea<\/a><\/div>\n\n\n\n<p class=\"has-text-align-center\">Es liegt der Duft von Tradition und Einfachheit in der Luft. Von <strong>ehrlichen Speisen,<\/strong> mit K\u00f6nnen zubereitet. <\/p>\n\n\n\n<p class=\"has-text-align-center\">Da ist <strong>Margherita<\/strong>, die den Timballo mit ihren ber\u00fchmten \u201eScrippelle\u201c f\u00fcllt, und <strong>Eleonora<\/strong>, die das Freilandhuhn in der Pfanne beaufsichtigt. Es gibt frisch geerntetes Bio-Gem\u00fcse aus dem Garten und frische Eier von den H\u00fchnern, die im Hof herumlaufen.<\/p>\n\n\n\n<p class=\"has-text-align-center\">Auf jedes Detail wird geachtet, man h\u00f6rt auf den Rat der Gro\u00dfmutter,<br> und man wagt auch Neues.<\/p>\n\n\n\n<p class=\"has-text-align-center\">Alles ist bereit\u2026 es wird gegessen!!!!<\/p>\n\n\n\n<p class=\"has-text-align-center\"><br>Reservierung erw\u00fcnscht.<br> Telefon: <strong>389 6279948<\/strong><\/p>\n","protected":false},"excerpt":{"rendered":"<p>Es liegt der Duft von Tradition und Einfachheit in der Luft. Von ehrlichen Speisen, mit K\u00f6nnen zubereitet. Da ist Margherita, die den Timballo mit ihren ber\u00fchmten \u201eScrippelle\u201c f\u00fcllt, und Eleonora, die das Freilandhuhn in der Pfanne beaufsichtigt. Es gibt frisch geerntetes Bio-Gem\u00fcse aus dem Garten und frische Eier von den H\u00fchnern, die im Hof herumlaufen. &hellip; <a href=\"https:\/\/www.terradiea.it\/de\/restaurant\/\">Continued<\/a><\/p>\n","protected":false},"author":1,"featured_media":0,"parent":0,"menu_order":29,"comment_status":"closed","ping_status":"closed","template":"","meta":[],"yoast_head":"<!-- This site is optimized with the Yoast SEO plugin v19.2 - https:\/\/yoast.com\/wordpress\/plugins\/seo\/ -->\n<title>Restaurant - Terra di Ea<\/title>\n<meta name=\"robots\" content=\"index, follow, max-snippet:-1, max-image-preview:large, max-video-preview:-1\" \/>\n<link rel=\"canonical\" href=\"https:\/\/www.terradiea.it\/de\/restaurant\/\" \/>\n<meta property=\"og:locale\" content=\"de_DE\" \/>\n<meta property=\"og:type\" content=\"article\" \/>\n<meta property=\"og:title\" content=\"Restaurant - Terra di Ea\" \/>\n<meta property=\"og:description\" content=\"Es liegt der Duft von Tradition und Einfachheit in der Luft. Von ehrlichen Speisen, mit K\u00f6nnen zubereitet. Da ist Margherita, die den Timballo mit ihren ber\u00fchmten \u201eScrippelle\u201c f\u00fcllt, und Eleonora, die das Freilandhuhn in der Pfanne beaufsichtigt. Es gibt frisch geerntetes Bio-Gem\u00fcse aus dem Garten und frische Eier von den H\u00fchnern, die im Hof herumlaufen. &hellip; Continued\" \/>\n<meta property=\"og:url\" content=\"https:\/\/www.terradiea.it\/de\/restaurant\/\" \/>\n<meta property=\"og:site_name\" content=\"Terra di Ea\" \/>\n<meta property=\"article:publisher\" content=\"https:\/\/www.facebook.com\/terradiEa\/\" \/>\n<meta property=\"article:modified_time\" content=\"2026-03-04T07:28:03+00:00\" \/>\n<meta property=\"og:image\" content=\"https:\/\/www.terradiea.it\/wp-content\/uploads\/2020\/11\/01_b.jpg\" \/>\n\t<meta property=\"og:image:width\" content=\"900\" \/>\n\t<meta property=\"og:image:height\" content=\"585\" \/>\n\t<meta property=\"og:image:type\" content=\"image\/jpeg\" \/>\n<meta name=\"author\" content=\"alfa_admin\" \/>\n<meta name=\"twitter:card\" content=\"summary_large_image\" \/>\n<meta name=\"twitter:label1\" content=\"Gesch\u00e4tzte Lesezeit\" \/>\n\t<meta name=\"twitter:data1\" content=\"1\u00a0Minute\" \/>\n<script type=\"application\/ld+json\" class=\"yoast-schema-graph\">{\"@context\":\"https:\/\/schema.org\",\"@graph\":[{\"@type\":\"WebSite\",\"@id\":\"https:\/\/www.terradiea.it\/#website\",\"url\":\"https:\/\/www.terradiea.it\/\",\"name\":\"Terra di Ea\",\"description\":\"Abbiamo bisogno di contadini, di poeti, di chi sa fare il pane e riconosce il vento\",\"potentialAction\":[{\"@type\":\"SearchAction\",\"target\":{\"@type\":\"EntryPoint\",\"urlTemplate\":\"https:\/\/www.terradiea.it\/?s={search_term_string}\"},\"query-input\":\"required name=search_term_string\"}],\"inLanguage\":\"de\"},{\"@type\":\"WebPage\",\"@id\":\"https:\/\/www.terradiea.it\/de\/restaurant\/#webpage\",\"url\":\"https:\/\/www.terradiea.it\/de\/restaurant\/\",\"name\":\"Restaurant - Terra di Ea\",\"isPartOf\":{\"@id\":\"https:\/\/www.terradiea.it\/#website\"},\"datePublished\":\"2019-03-11T10:51:39+00:00\",\"dateModified\":\"2026-03-04T07:28:03+00:00\",\"breadcrumb\":{\"@id\":\"https:\/\/www.terradiea.it\/de\/restaurant\/#breadcrumb\"},\"inLanguage\":\"de\",\"potentialAction\":[{\"@type\":\"ReadAction\",\"target\":[\"https:\/\/www.terradiea.it\/de\/restaurant\/\"]}]},{\"@type\":\"BreadcrumbList\",\"@id\":\"https:\/\/www.terradiea.it\/de\/restaurant\/#breadcrumb\",\"itemListElement\":[{\"@type\":\"ListItem\",\"position\":1,\"name\":\"Home\",\"item\":\"https:\/\/www.terradiea.it\/de\/\"},{\"@type\":\"ListItem\",\"position\":2,\"name\":\"Restaurant\"}]}]}<\/script>\n<!-- \/ Yoast SEO plugin. -->","yoast_head_json":{"title":"Restaurant - Terra di Ea","robots":{"index":"index","follow":"follow","max-snippet":"max-snippet:-1","max-image-preview":"max-image-preview:large","max-video-preview":"max-video-preview:-1"},"canonical":"https:\/\/www.terradiea.it\/de\/restaurant\/","og_locale":"de_DE","og_type":"article","og_title":"Restaurant - Terra di Ea","og_description":"Es liegt der Duft von Tradition und Einfachheit in der Luft. Von ehrlichen Speisen, mit K\u00f6nnen zubereitet. Da ist Margherita, die den Timballo mit ihren ber\u00fchmten \u201eScrippelle\u201c f\u00fcllt, und Eleonora, die das Freilandhuhn in der Pfanne beaufsichtigt. Es gibt frisch geerntetes Bio-Gem\u00fcse aus dem Garten und frische Eier von den H\u00fchnern, die im Hof herumlaufen. &hellip; Continued","og_url":"https:\/\/www.terradiea.it\/de\/restaurant\/","og_site_name":"Terra di Ea","article_publisher":"https:\/\/www.facebook.com\/terradiEa\/","article_modified_time":"2026-03-04T07:28:03+00:00","og_image":[{"width":900,"height":585,"url":"https:\/\/www.terradiea.it\/wp-content\/uploads\/2020\/11\/01_b.jpg","type":"image\/jpeg"}],"author":"alfa_admin","twitter_card":"summary_large_image","twitter_misc":{"Gesch\u00e4tzte Lesezeit":"1\u00a0Minute"},"schema":{"@context":"https:\/\/schema.org","@graph":[{"@type":"WebSite","@id":"https:\/\/www.terradiea.it\/#website","url":"https:\/\/www.terradiea.it\/","name":"Terra di Ea","description":"Abbiamo bisogno di contadini, di poeti, di chi sa fare il pane e riconosce il vento","potentialAction":[{"@type":"SearchAction","target":{"@type":"EntryPoint","urlTemplate":"https:\/\/www.terradiea.it\/?s={search_term_string}"},"query-input":"required name=search_term_string"}],"inLanguage":"de"},{"@type":"WebPage","@id":"https:\/\/www.terradiea.it\/de\/restaurant\/#webpage","url":"https:\/\/www.terradiea.it\/de\/restaurant\/","name":"Restaurant - Terra di Ea","isPartOf":{"@id":"https:\/\/www.terradiea.it\/#website"},"datePublished":"2019-03-11T10:51:39+00:00","dateModified":"2026-03-04T07:28:03+00:00","breadcrumb":{"@id":"https:\/\/www.terradiea.it\/de\/restaurant\/#breadcrumb"},"inLanguage":"de","potentialAction":[{"@type":"ReadAction","target":["https:\/\/www.terradiea.it\/de\/restaurant\/"]}]},{"@type":"BreadcrumbList","@id":"https:\/\/www.terradiea.it\/de\/restaurant\/#breadcrumb","itemListElement":[{"@type":"ListItem","position":1,"name":"Home","item":"https:\/\/www.terradiea.it\/de\/"},{"@type":"ListItem","position":2,"name":"Restaurant"}]}]}},"_links":{"self":[{"href":"https:\/\/www.terradiea.it\/de\/wp-json\/wp\/v2\/pages\/1765"}],"collection":[{"href":"https:\/\/www.terradiea.it\/de\/wp-json\/wp\/v2\/pages"}],"about":[{"href":"https:\/\/www.terradiea.it\/de\/wp-json\/wp\/v2\/types\/page"}],"author":[{"embeddable":true,"href":"https:\/\/www.terradiea.it\/de\/wp-json\/wp\/v2\/users\/1"}],"replies":[{"embeddable":true,"href":"https:\/\/www.terradiea.it\/de\/wp-json\/wp\/v2\/comments?post=1765"}],"version-history":[{"count":0,"href":"https:\/\/www.terradiea.it\/de\/wp-json\/wp\/v2\/pages\/1765\/revisions"}],"wp:attachment":[{"href":"https:\/\/www.terradiea.it\/de\/wp-json\/wp\/v2\/media?parent=1765"}],"curies":[{"name":"wp","href":"https:\/\/api.w.org\/{rel}","templated":true}]}}