{"id":1711,"date":"2019-03-04T16:59:28","date_gmt":"2019-03-04T15:59:28","guid":{"rendered":"https:\/\/www.terradiea.it\/accueil\/"},"modified":"2025-09-24T10:28:06","modified_gmt":"2025-09-24T08:28:06","slug":"accueil","status":"publish","type":"page","link":"https:\/\/www.terradiea.it\/fr\/","title":{"rendered":"Accueil"},"content":{"rendered":"\n<div style=\"height:52px\" aria-hidden=\"true\" class=\"wp-block-spacer\"><\/div>\n\n<div class=\"wp-container-1 is-content-justification-center wp-block-buttons\">\n<div class=\"wp-block-button is-style-outline\"><a class=\"wp-block-button__link\" href=\"https:\/\/booking.bedzzle.com\/desktop\/?test-mode=1&amp;apikey=e1187d6674353c57b90f70e59072d6be&amp;lang=\">R\u00e9server en ligne<\/a><\/div>\n<\/div>\n","protected":false},"excerpt":{"rendered":"","protected":false},"author":1,"featured_media":1712,"parent":0,"menu_order":11,"comment_status":"closed","ping_status":"closed","template":"","meta":[],"yoast_head":"<!-- This site is optimized with the Yoast SEO plugin v19.2 - https:\/\/yoast.com\/wordpress\/plugins\/seo\/ -->\n<title>Exploitation agricole Terra di Ea \u2013 agriculture, B&amp;B, restaurant et ferme<\/title>\n<meta name=\"description\" content=\"Terra di Ea est un lieu d\u2019accueil o\u00f9 l\u2019agriculture naturelle, la nourriture saine, la culture, l\u2019art et la convivialit\u00e9 se fondent dans un espace id\u00e9al.\" \/>\n<meta name=\"robots\" content=\"index, follow, max-snippet:-1, max-image-preview:large, max-video-preview:-1\" \/>\n<link rel=\"canonical\" href=\"https:\/\/www.terradiea.it\/fr\/\" \/>\n<meta property=\"og:locale\" content=\"fr_FR\" \/>\n<meta property=\"og:type\" content=\"article\" \/>\n<meta property=\"og:title\" content=\"Exploitation agricole Terra di Ea \u2013 agriculture, B&amp;B, restaurant et ferme\" \/>\n<meta property=\"og:description\" content=\"Terra di Ea est un lieu d\u2019accueil o\u00f9 l\u2019agriculture naturelle, la nourriture saine, la culture, l\u2019art et la communaut\u00e9 se m\u00ealent dans un espace id\u00e9al.\" \/>\n<meta property=\"og:url\" content=\"https:\/\/www.terradiea.it\/fr\/\" \/>\n<meta property=\"og:site_name\" content=\"Terra di Ea\" \/>\n<meta property=\"article:publisher\" content=\"https:\/\/www.facebook.com\/terradiEa\/\" \/>\n<meta property=\"article:modified_time\" content=\"2025-09-24T08:28:06+00:00\" \/>\n<meta property=\"og:image\" content=\"https:\/\/www.terradiea.it\/wp-content\/uploads\/2019\/03\/terre-di-ea-slideshow-1.jpg\" \/>\n<meta name=\"author\" content=\"alfa_admin\" \/>\n<meta name=\"twitter:card\" content=\"summary_large_image\" \/>\n<script type=\"application\/ld+json\" class=\"yoast-schema-graph\">{\"@context\":\"https:\/\/schema.org\",\"@graph\":[{\"@type\":\"WebSite\",\"@id\":\"https:\/\/www.terradiea.it\/#website\",\"url\":\"https:\/\/www.terradiea.it\/\",\"name\":\"Terra di Ea\",\"description\":\"Abbiamo bisogno di contadini, di poeti, di chi sa fare il pane e riconosce il vento\",\"potentialAction\":[{\"@type\":\"SearchAction\",\"target\":{\"@type\":\"EntryPoint\",\"urlTemplate\":\"https:\/\/www.terradiea.it\/?s={search_term_string}\"},\"query-input\":\"required name=search_term_string\"}],\"inLanguage\":\"fr-FR\"},{\"@type\":\"ImageObject\",\"inLanguage\":\"fr-FR\",\"@id\":\"https:\/\/www.terradiea.it\/fr\/#primaryimage\",\"url\":\"\",\"contentUrl\":\"\"},{\"@type\":\"WebPage\",\"@id\":\"https:\/\/www.terradiea.it\/fr\/#webpage\",\"url\":\"https:\/\/www.terradiea.it\/fr\/\",\"name\":\"Exploitation agricole Terra di Ea \u2013 agriculture, B&B, restaurant et ferme\",\"isPartOf\":{\"@id\":\"https:\/\/www.terradiea.it\/#website\"},\"primaryImageOfPage\":{\"@id\":\"https:\/\/www.terradiea.it\/fr\/#primaryimage\"},\"datePublished\":\"2019-03-04T15:59:28+00:00\",\"dateModified\":\"2025-09-24T08:28:06+00:00\",\"description\":\"Terra di Ea est un lieu d\u2019accueil o\u00f9 l\u2019agriculture naturelle, la nourriture saine, la culture, l\u2019art et la convivialit\u00e9 se fondent dans un espace id\u00e9al.\",\"breadcrumb\":{\"@id\":\"https:\/\/www.terradiea.it\/fr\/#breadcrumb\"},\"inLanguage\":\"fr-FR\",\"potentialAction\":[{\"@type\":\"ReadAction\",\"target\":[\"https:\/\/www.terradiea.it\/fr\/\"]}]},{\"@type\":\"BreadcrumbList\",\"@id\":\"https:\/\/www.terradiea.it\/fr\/#breadcrumb\",\"itemListElement\":[{\"@type\":\"ListItem\",\"position\":1,\"name\":\"Home\",\"item\":\"https:\/\/www.terradiea.it\/fr\/\"},{\"@type\":\"ListItem\",\"position\":2,\"name\":\"Accueil\"}]}]}<\/script>\n<!-- \/ Yoast SEO plugin. -->","yoast_head_json":{"title":"Exploitation agricole Terra di Ea \u2013 agriculture, B&B, restaurant et ferme","description":"Terra di Ea est un lieu d\u2019accueil o\u00f9 l\u2019agriculture naturelle, la nourriture saine, la culture, l\u2019art et la convivialit\u00e9 se fondent dans un espace id\u00e9al.","robots":{"index":"index","follow":"follow","max-snippet":"max-snippet:-1","max-image-preview":"max-image-preview:large","max-video-preview":"max-video-preview:-1"},"canonical":"https:\/\/www.terradiea.it\/fr\/","og_locale":"fr_FR","og_type":"article","og_title":"Exploitation agricole Terra di Ea \u2013 agriculture, B&B, restaurant et ferme","og_description":"Terra di Ea est un lieu d\u2019accueil o\u00f9 l\u2019agriculture naturelle, la nourriture saine, la culture, l\u2019art et la communaut\u00e9 se m\u00ealent dans un espace id\u00e9al.","og_url":"https:\/\/www.terradiea.it\/fr\/","og_site_name":"Terra di Ea","article_publisher":"https:\/\/www.facebook.com\/terradiEa\/","article_modified_time":"2025-09-24T08:28:06+00:00","og_image":[{"url":"https:\/\/www.terradiea.it\/wp-content\/uploads\/2019\/03\/terre-di-ea-slideshow-1.jpg"}],"author":"alfa_admin","twitter_card":"summary_large_image","schema":{"@context":"https:\/\/schema.org","@graph":[{"@type":"WebSite","@id":"https:\/\/www.terradiea.it\/#website","url":"https:\/\/www.terradiea.it\/","name":"Terra di Ea","description":"Abbiamo bisogno di contadini, di poeti, di chi sa fare il pane e riconosce il vento","potentialAction":[{"@type":"SearchAction","target":{"@type":"EntryPoint","urlTemplate":"https:\/\/www.terradiea.it\/?s={search_term_string}"},"query-input":"required name=search_term_string"}],"inLanguage":"fr-FR"},{"@type":"ImageObject","inLanguage":"fr-FR","@id":"https:\/\/www.terradiea.it\/fr\/#primaryimage","url":"","contentUrl":""},{"@type":"WebPage","@id":"https:\/\/www.terradiea.it\/fr\/#webpage","url":"https:\/\/www.terradiea.it\/fr\/","name":"Exploitation agricole Terra di Ea \u2013 agriculture, B&B, restaurant et ferme","isPartOf":{"@id":"https:\/\/www.terradiea.it\/#website"},"primaryImageOfPage":{"@id":"https:\/\/www.terradiea.it\/fr\/#primaryimage"},"datePublished":"2019-03-04T15:59:28+00:00","dateModified":"2025-09-24T08:28:06+00:00","description":"Terra di Ea est un lieu d\u2019accueil o\u00f9 l\u2019agriculture naturelle, la nourriture saine, la culture, l\u2019art et la convivialit\u00e9 se fondent dans un espace id\u00e9al.","breadcrumb":{"@id":"https:\/\/www.terradiea.it\/fr\/#breadcrumb"},"inLanguage":"fr-FR","potentialAction":[{"@type":"ReadAction","target":["https:\/\/www.terradiea.it\/fr\/"]}]},{"@type":"BreadcrumbList","@id":"https:\/\/www.terradiea.it\/fr\/#breadcrumb","itemListElement":[{"@type":"ListItem","position":1,"name":"Home","item":"https:\/\/www.terradiea.it\/fr\/"},{"@type":"ListItem","position":2,"name":"Accueil"}]}]}},"_links":{"self":[{"href":"https:\/\/www.terradiea.it\/fr\/wp-json\/wp\/v2\/pages\/1711"}],"collection":[{"href":"https:\/\/www.terradiea.it\/fr\/wp-json\/wp\/v2\/pages"}],"about":[{"href":"https:\/\/www.terradiea.it\/fr\/wp-json\/wp\/v2\/types\/page"}],"author":[{"embeddable":true,"href":"https:\/\/www.terradiea.it\/fr\/wp-json\/wp\/v2\/users\/1"}],"replies":[{"embeddable":true,"href":"https:\/\/www.terradiea.it\/fr\/wp-json\/wp\/v2\/comments?post=1711"}],"version-history":[{"count":0,"href":"https:\/\/www.terradiea.it\/fr\/wp-json\/wp\/v2\/pages\/1711\/revisions"}],"wp:featuredmedia":[{"embeddable":true,"href":"https:\/\/www.terradiea.it\/fr\/wp-json\/wp\/v2\/media\/1712"}],"wp:attachment":[{"href":"https:\/\/www.terradiea.it\/fr\/wp-json\/wp\/v2\/media?parent=1711"}],"curies":[{"name":"wp","href":"https:\/\/api.w.org\/{rel}","templated":true}]}}